{"id":48,"date":"2023-04-22T13:22:45","date_gmt":"2023-04-22T12:22:45","guid":{"rendered":"http:\/\/houseinthekasbah.com\/?page_id=48"},"modified":"2025-10-05T01:10:12","modified_gmt":"2025-10-05T00:10:12","slug":"about","status":"publish","type":"page","link":"https:\/\/houseinthekasbah.com\/fr\/about\/","title":{"rendered":"\u00c0 propos de"},"content":{"rendered":"<div data-elementor-type=\"wp-page\" data-elementor-id=\"48\" class=\"elementor elementor-48\" data-elementor-post-type=\"page\">\n\t\t\t\t\t\t<section class=\"elementor-section elementor-top-section elementor-element elementor-element-2nfo46f elementor-section-height-min-height elementor-section-boxed elementor-section-height-default elementor-section-items-middle\" data-id=\"2nfo46f\" data-element_type=\"section\" data-e-type=\"section\" data-settings=\"{&quot;background_background&quot;:&quot;classic&quot;}\">\n\t\t\t\t\t\t\t<div class=\"elementor-background-overlay\"><\/div>\n\t\t\t\t\t\t\t<div class=\"elementor-container elementor-column-gap-default\">\n\t\t\t\t\t<div class=\"elementor-column elementor-col-100 elementor-top-column elementor-element elementor-element-6a5337e\" data-id=\"6a5337e\" data-element_type=\"column\" data-e-type=\"column\">\n\t\t\t<div class=\"elementor-widget-wrap elementor-element-populated\">\n\t\t\t\t\t\t<div class=\"elementor-element elementor-element-feefb6c elementor-hidden-mobile elementor-widget elementor-widget-heading\" data-id=\"feefb6c\" data-element_type=\"widget\" data-e-type=\"widget\" data-widget_type=\"heading.default\">\n\t\t\t\t<div class=\"elementor-widget-container\">\n\t\t\t\t\t<h1 class=\"elementor-heading-title elementor-size-default\">\u00e0 propos de nous<\/h1>\t\t\t\t<\/div>\n\t\t\t\t<\/div>\n\t\t\t\t\t<\/div>\n\t\t<\/div>\n\t\t\t\t\t<\/div>\n\t\t<\/section>\n\t\t\t\t<section class=\"elementor-section elementor-top-section elementor-element elementor-element-56e372d elementor-section-boxed elementor-section-height-default elementor-section-height-default\" data-id=\"56e372d\" data-element_type=\"section\" data-e-type=\"section\">\n\t\t\t\t\t\t<div class=\"elementor-container elementor-column-gap-default\">\n\t\t\t\t\t<div class=\"elementor-column elementor-col-100 elementor-top-column elementor-element elementor-element-82651cc\" data-id=\"82651cc\" data-element_type=\"column\" data-e-type=\"column\">\n\t\t\t<div class=\"elementor-widget-wrap elementor-element-populated\">\n\t\t\t\t\t\t<div class=\"elementor-element elementor-element-79ccd90 elementor-widget elementor-widget-heading\" data-id=\"79ccd90\" data-element_type=\"widget\" data-e-type=\"widget\" data-widget_type=\"heading.default\">\n\t\t\t\t<div class=\"elementor-widget-container\">\n\t\t\t\t\t<h2 class=\"elementor-heading-title elementor-size-default\">\"Dar Cherif Ben Sadek\"<\/h2>\t\t\t\t<\/div>\n\t\t\t\t<\/div>\n\t\t\t\t<div class=\"elementor-element elementor-element-e9cd062 elementor-widget-divider--view-line elementor-widget elementor-widget-divider\" data-id=\"e9cd062\" data-element_type=\"widget\" data-e-type=\"widget\" data-widget_type=\"divider.default\">\n\t\t\t\t<div class=\"elementor-widget-container\">\n\t\t\t\t\t\t\t<div class=\"elementor-divider\">\n\t\t\t<span class=\"elementor-divider-separator\">\n\t\t\t\t\t\t<\/span>\n\t\t<\/div>\n\t\t\t\t\t\t<\/div>\n\t\t\t\t<\/div>\n\t\t\t\t<div class=\"elementor-element elementor-element-a1cdee6 elementor-widget__width-initial elementor-widget elementor-widget-text-editor\" data-id=\"a1cdee6\" data-element_type=\"widget\" data-e-type=\"widget\" data-widget_type=\"text-editor.default\">\n\t\t\t\t<div class=\"elementor-widget-container\">\n\t\t\t\t\t\t\t\t\t<p>Situ\u00e9 au c\u0153ur de la Kasbah de Tanger, il offre une vue imprenable sur l'Atlantique et la M\u00e9diterran\u00e9e.<\/p>\t\t\t\t\t\t\t\t<\/div>\n\t\t\t\t<\/div>\n\t\t\t\t\t<\/div>\n\t\t<\/div>\n\t\t\t\t\t<\/div>\n\t\t<\/section>\n\t\t\t\t<section class=\"elementor-section elementor-top-section elementor-element elementor-element-d45ab4q elementor-section-boxed elementor-section-height-default elementor-section-height-default\" data-id=\"d45ab4q\" data-element_type=\"section\" data-e-type=\"section\">\n\t\t\t\t\t\t<div class=\"elementor-container elementor-column-gap-default\">\n\t\t\t\t\t<div class=\"elementor-column elementor-col-100 elementor-top-column elementor-element elementor-element-ba0c118\" data-id=\"ba0c118\" data-element_type=\"column\" data-e-type=\"column\">\n\t\t\t<div class=\"elementor-widget-wrap elementor-element-populated\">\n\t\t\t\t\t\t<section class=\"elementor-section elementor-inner-section elementor-element elementor-element-d762106 elementor-section-boxed elementor-section-height-default elementor-section-height-default\" data-id=\"d762106\" data-element_type=\"section\" data-e-type=\"section\">\n\t\t\t\t\t\t<div class=\"elementor-container elementor-column-gap-default\">\n\t\t\t\t\t<div class=\"elementor-column elementor-col-100 elementor-inner-column elementor-element elementor-element-08ec54c\" data-id=\"08ec54c\" data-element_type=\"column\" data-e-type=\"column\">\n\t\t\t<div class=\"elementor-widget-wrap elementor-element-populated\">\n\t\t\t\t\t\t<div class=\"elementor-element elementor-element-9fdb291 elementor-widget elementor-widget-image\" data-id=\"9fdb291\" data-element_type=\"widget\" data-e-type=\"widget\" data-widget_type=\"image.default\">\n\t\t\t\t<div class=\"elementor-widget-container\">\n\t\t\t\t\t\t\t\t\t\t\t\t\t\t\t\t<a href=\"http:\/\/houseinthekasbah.com\/wp-content\/uploads\/Imagen10.jpg\" data-elementor-open-lightbox=\"yes\" data-elementor-lightbox-title=\"A private terrace facing the Strait of Gibraltar\" data-e-action-hash=\"#elementor-action%3Aaction%3Dlightbox%26settings%3DeyJpZCI6NzksInVybCI6Imh0dHBzOlwvXC9ob3VzZWludGhla2FzYmFoLmNvbVwvd3AtY29udGVudFwvdXBsb2Fkc1wvSW1hZ2VuMTAuanBnIn0%3D\">\n\t\t\t\t\t\t\t<img fetchpriority=\"high\" decoding=\"async\" width=\"1406\" height=\"1125\" src=\"https:\/\/houseinthekasbah.com\/wp-content\/uploads\/Imagen10.jpg\" class=\"attachment-full size-full wp-image-79\" alt=\"\" srcset=\"https:\/\/houseinthekasbah.com\/wp-content\/uploads\/Imagen10.jpg 1406w, https:\/\/houseinthekasbah.com\/wp-content\/uploads\/Imagen10-300x240.jpg 300w, https:\/\/houseinthekasbah.com\/wp-content\/uploads\/Imagen10-1024x819.jpg 1024w, https:\/\/houseinthekasbah.com\/wp-content\/uploads\/Imagen10-768x615.jpg 768w\" sizes=\"(max-width: 1406px) 100vw, 1406px\" \/>\t\t\t\t\t\t\t\t<\/a>\n\t\t\t\t\t\t\t\t\t\t\t\t\t\t\t<\/div>\n\t\t\t\t<\/div>\n\t\t\t\t<div class=\"elementor-element elementor-element-f16daf8 elementor-widget elementor-widget-text-editor\" data-id=\"f16daf8\" data-element_type=\"widget\" data-e-type=\"widget\" data-widget_type=\"text-editor.default\">\n\t\t\t\t<div class=\"elementor-widget-container\">\n\t\t\t\t\t\t\t\t\t<p class=\"translation-block\"><strong>\"Dar Cherif Ben Sadek\"<\/strong> est une maison historique pr\u00e9sentant un m\u00e9lange unique d'architecture n\u00e9o-baroque et <strong>traditionnelle\nmarocaine<\/strong>. Situ\u00e9e au coeur de la <strong>Kasbah de Tanger<\/strong>, elle offre une vue imprenable sur l'Atlantique et la M\u00e9diterran\u00e9e.<\/p><p class=\"translation-block\">Cette maison a une histoire riche, ayant servi \u00e0 la fois de <strong>consulat espagnol<\/strong> et d'\u00e9cole coranique au 19\u00e8me si\u00e8cle. Les visiteurs peuvent d\u00e9couvrir le charme intemporel de Tanger en s\u00e9journant dans cette magnifique propri\u00e9t\u00e9 historique. D\u00e9tendez-vous dans la beaut\u00e9 d'une suite faisant face \u00e0 l'oc\u00e9an, offrant des <strong>vues \u00e0 couper le souffle sur l'horizon<\/strong>.<\/p><p class=\"translation-block\">Les chambres spacieuses et <strong>\u00e9l\u00e9gantes sont dot\u00e9es de lits<\/strong> confortables, d'un coin salon et d'une grande luminosit\u00e9 naturelle, cr\u00e9ant ainsi un havre parfait pour le repos et la relaxation. <strong>Une terrasse priv\u00e9e face au d\u00e9troit de Gibraltar<\/strong> offrant une vue imprenable sur la mer, le va-et-vient des navires et l'activit\u00e9 du port de la ville en contrebas.<\/p><p class=\"translation-block\">D\u00e9couvrez les saveurs <strong>traditionnelles du Maroc<\/strong> avec un d\u00e9licieux petit d\u00e9jeuner pr\u00e9par\u00e9 par notre talentueuse chef, servi exclusivement sur demande.<\/p><p class=\"translation-block\">Un service de m\u00e9nage quotidien et <strong>des excursions et transports organis\u00e9s<\/strong> sont \u00e9galement disponibles pour votre confort. Les salles de r\u00e9ception de la maison peuvent \u00eatre <strong>privatis\u00e9es pour des mariages<\/strong>, des \u00e9v\u00e9nements, des d\u00eeners, des concerts et autres occasions sp\u00e9ciales, cr\u00e9ant ainsi une exp\u00e9rience exceptionnelle et inoubliable dans ce lieu embl\u00e9matique de <strong>Tanger<\/strong>.<\/p><p class=\"translation-block\">Plongez dans la magie des mille et une nuits du <strong>\"Dar Cherif Ben Sadek<\/strong>\".<\/p><p class=\"translation-block\">Vous vous r\u00e9veillerez chaque matin avec le bruit des vagues et la vue imprenable sur l'oc\u00e9an, ce qui en fait un lieu de <strong>s\u00e9jour exclusif et inoubliable<\/strong>.<\/p>\t\t\t\t\t\t\t\t<\/div>\n\t\t\t\t<\/div>\n\t\t\t\t\t<\/div>\n\t\t<\/div>\n\t\t\t\t\t<\/div>\n\t\t<\/section>\n\t\t\t\t\t<\/div>\n\t\t<\/div>\n\t\t\t\t\t<\/div>\n\t\t<\/section>\n\t\t\t\t<\/div>","protected":false},"excerpt":{"rendered":"<p>about us &#8220;Dar Cherif Ben Sadek&#8221; Located in the heart of Tangier&#8217;s Kasbah, it offers breathtaking views of both the Atlantic and Mediterranean seas. &#8220;Dar Cherif Ben Sadek&#8221; is a historic house with a unique blend of neo-baroque and traditional Moroccan architecture. Located in the heart of Tangier&#8217;s Kasbah, it offers breathtaking views of both [&hellip;]<\/p>\n","protected":false},"author":1,"featured_media":0,"parent":0,"menu_order":0,"comment_status":"closed","ping_status":"closed","template":"elementor_header_footer","meta":{"site-sidebar-layout":"no-sidebar","site-content-layout":"page-builder","ast-site-content-layout":"default","site-content-style":"default","site-sidebar-style":"default","ast-global-header-display":"","ast-banner-title-visibility":"","ast-main-header-display":"","ast-hfb-above-header-display":"","ast-hfb-below-header-display":"","ast-hfb-mobile-header-display":"","site-post-title":"disabled","ast-breadcrumbs-content":"","ast-featured-img":"disabled","footer-sml-layout":"","ast-disable-related-posts":"","theme-transparent-header-meta":"","adv-header-id-meta":"","stick-header-meta":"","header-above-stick-meta":"","header-main-stick-meta":"","header-below-stick-meta":"","astra-migrate-meta-layouts":"default","ast-page-background-enabled":"default","ast-page-background-meta":{"desktop":{"background-color":"var(--ast-global-color-4)","background-image":"","background-repeat":"repeat","background-position":"center center","background-size":"auto","background-attachment":"scroll","background-type":"","background-media":"","overlay-type":"","overlay-color":"","overlay-opacity":"","overlay-gradient":""},"tablet":{"background-color":"","background-image":"","background-repeat":"repeat","background-position":"center center","background-size":"auto","background-attachment":"scroll","background-type":"","background-media":"","overlay-type":"","overlay-color":"","overlay-opacity":"","overlay-gradient":""},"mobile":{"background-color":"","background-image":"","background-repeat":"repeat","background-position":"center center","background-size":"auto","background-attachment":"scroll","background-type":"","background-media":"","overlay-type":"","overlay-color":"","overlay-opacity":"","overlay-gradient":""}},"ast-content-background-meta":{"desktop":{"background-color":"var(--ast-global-color-5)","background-image":"","background-repeat":"repeat","background-position":"center center","background-size":"auto","background-attachment":"scroll","background-type":"","background-media":"","overlay-type":"","overlay-color":"","overlay-opacity":"","overlay-gradient":""},"tablet":{"background-color":"var(--ast-global-color-5)","background-image":"","background-repeat":"repeat","background-position":"center center","background-size":"auto","background-attachment":"scroll","background-type":"","background-media":"","overlay-type":"","overlay-color":"","overlay-opacity":"","overlay-gradient":""},"mobile":{"background-color":"var(--ast-global-color-5)","background-image":"","background-repeat":"repeat","background-position":"center center","background-size":"auto","background-attachment":"scroll","background-type":"","background-media":"","overlay-type":"","overlay-color":"","overlay-opacity":"","overlay-gradient":""}},"footnotes":""},"class_list":["post-48","page","type-page","status-publish","hentry"],"_links":{"self":[{"href":"https:\/\/houseinthekasbah.com\/fr\/wp-json\/wp\/v2\/pages\/48","targetHints":{"allow":["GET"]}}],"collection":[{"href":"https:\/\/houseinthekasbah.com\/fr\/wp-json\/wp\/v2\/pages"}],"about":[{"href":"https:\/\/houseinthekasbah.com\/fr\/wp-json\/wp\/v2\/types\/page"}],"author":[{"embeddable":true,"href":"https:\/\/houseinthekasbah.com\/fr\/wp-json\/wp\/v2\/users\/1"}],"replies":[{"embeddable":true,"href":"https:\/\/houseinthekasbah.com\/fr\/wp-json\/wp\/v2\/comments?post=48"}],"version-history":[{"count":89,"href":"https:\/\/houseinthekasbah.com\/fr\/wp-json\/wp\/v2\/pages\/48\/revisions"}],"predecessor-version":[{"id":1602,"href":"https:\/\/houseinthekasbah.com\/fr\/wp-json\/wp\/v2\/pages\/48\/revisions\/1602"}],"wp:attachment":[{"href":"https:\/\/houseinthekasbah.com\/fr\/wp-json\/wp\/v2\/media?parent=48"}],"curies":[{"name":"wp","href":"https:\/\/api.w.org\/{rel}","templated":true}]}}